{"id":3038,"date":"2024-04-21T02:37:57","date_gmt":"2024-04-20T23:37:57","guid":{"rendered":"https:\/\/risus.dental\/mission-vision-und-werte\/"},"modified":"2025-09-01T19:21:32","modified_gmt":"2025-09-01T16:21:32","slug":"mission-vision-und-werte","status":"publish","type":"page","link":"https:\/\/risus.dental\/de\/mission-vision-und-werte\/","title":{"rendered":"Mission, Vision und Werte"},"content":{"rendered":"\t\t<div data-elementor-type=\"wp-page\" data-elementor-id=\"3038\" class=\"elementor elementor-3038 elementor-388\" data-elementor-post-type=\"page\">\n\t\t\t\t<div class=\"elementor-element elementor-element-2660c8c6 e-flex e-con-boxed e-con e-parent\" data-id=\"2660c8c6\" data-element_type=\"container\">\n\t\t\t\t\t<div class=\"e-con-inner\">\n\t\t\t\t<div class=\"elementor-element elementor-element-6578d6a elementor-widget elementor-widget-image\" data-id=\"6578d6a\" data-element_type=\"widget\" data-widget_type=\"image.default\">\n\t\t\t\t<div class=\"elementor-widget-container\">\n\t\t\t\t\t\t\t\t\t\t\t\t\t\t\t<img fetchpriority=\"high\" decoding=\"async\" width=\"1140\" height=\"380\" src=\"https:\/\/risus.dental\/wp-content\/uploads\/2025\/07\/our-mission.jpg\" class=\"attachment-full size-full wp-image-2992\" alt=\"\" srcset=\"https:\/\/risus.dental\/wp-content\/uploads\/2025\/07\/our-mission.jpg 1140w, https:\/\/risus.dental\/wp-content\/uploads\/2025\/07\/our-mission-300x100.jpg 300w, https:\/\/risus.dental\/wp-content\/uploads\/2025\/07\/our-mission-1024x341.jpg 1024w, https:\/\/risus.dental\/wp-content\/uploads\/2025\/07\/our-mission-768x256.jpg 768w, https:\/\/risus.dental\/wp-content\/uploads\/2025\/07\/elementor\/thumbs\/our-mission-150x150.jpg 1200w\" sizes=\"(max-width: 1140px) 100vw, 1140px\" \/>\t\t\t\t\t\t\t\t\t\t\t\t\t\t\t<\/div>\n\t\t\t\t<\/div>\n\t\t\t\t<div class=\"elementor-element elementor-element-4cc228b6 elementor-widget elementor-widget-text-editor\" data-id=\"4cc228b6\" data-element_type=\"widget\" data-widget_type=\"text-editor.default\">\n\t\t\t\t<div class=\"elementor-widget-container\">\n\t\t\t\t\t\t\t\t\t\n<h3 class=\"mavis-el-title\">Unsere Mission<\/h3>\n<p>Bei Risus Dental Side ist es unsere Mission, die Lebensqualit\u00e4t unserer Patienten zu verbessern, indem wir eine au\u00dfergew\u00f6hnliche zahn\u00e4rztliche Versorgung bieten, die fortschrittliche Technologie mit einer pers\u00f6nlichen Note verbindet. Wir widmen uns der Schaffung gesunder, sch\u00f6ner L\u00e4cheln in einer mitf\u00fchlenden und einladenden Umgebung. <br><br><b>Patientenorientierte Versorgung<\/b><br>Wir stellen unsere Patienten in den Mittelpunkt unseres Handelns. Unsere Mission ist es, eine personalisierte zahn\u00e4rztliche Versorgung zu bieten, die auf Ihre individuellen Bed\u00fcrfnisse und Anliegen eingeht. Wir h\u00f6ren uns Ihre Ziele an und passen unsere Behandlungen an, um sicherzustellen, dass Sie die bestm\u00f6gliche Versorgung in einer komfortablen und unterst\u00fctzenden Umgebung erhalten.  <br><br><b>Exzellenz und Integrit\u00e4t<\/b><br>Unser Engagement f\u00fcr Exzellenz ist unersch\u00fctterlich. Wir halten die h\u00f6chsten Standards an Professionalit\u00e4t und Integrit\u00e4t in all unseren Dienstleistungen ein. Durch die st\u00e4ndige Weiterentwicklung unserer F\u00e4higkeiten und Kenntnisse stellen wir sicher, dass jeder Patient von den neuesten Innovationen und besten Praktiken in der Zahnmedizin profitiert.  <br><br><b>Umfassende Leistungen<\/b><br>Wir bem\u00fchen uns, eine zentrale Anlaufstelle f\u00fcr alle Ihre zahnmedizinischen Bed\u00fcrfnisse zu sein. Unsere Mission ist es, eine breite Palette von Dienstleistungen anzubieten, von der Vorsorge und Routineuntersuchungen bis zur restaurativen und kosmetischen Zahnmedizin. Durch die Bereitstellung einer umfassenden Versorgung helfen wir Ihnen, eine optimale Mundgesundheit zu erreichen und zu erhalten.  <br><br><b>Engagement in der Gemeinschaft<\/b><br>Bei Risus Dental Side glauben wir daran, unserer Gemeinschaft etwas zur\u00fcckzugeben. Unsere Mission umfasst die F\u00f6rderung der Mundgesundheitserziehung und die Unterst\u00fctzung lokaler Initiativen, die das Wohlbefinden unserer Nachbarn verbessern. Wir setzen uns daf\u00fcr ein, sowohl innerhalb als auch au\u00dferhalb unserer Praxis einen positiven Einfluss zu erzielen.  <br><br><b>Mitf\u00fchlender Ansatz<\/b><br>Wir verstehen, dass der Zahnarztbesuch f\u00fcr manche be\u00e4ngstigend sein kann. Unsere Mission ist es, jedem Patienten ein beruhigendes und stressfreies Erlebnis zu bieten. Unser freundliches Team ist f\u00fcr Sie da, um sicherzustellen, dass Sie sich vom Moment des Betretens unserer Praxis bis zum Abschluss Ihrer Behandlung wohl und gut betreut f\u00fchlen.  <br><br><b>Lebenslange Zahngesundheit<\/b><br>Wir widmen uns der F\u00f6rderung lebenslanger Zahngesundheit. Unsere Mission ist es, unsere Patienten \u00fcber die Bedeutung von Mundhygiene und Vorsorge aufzukl\u00e4ren und Sie mit dem Wissen zu bef\u00e4higen, ein Leben lang ein gesundes L\u00e4cheln zu bewahren. Wir sind Ihre Partner beim Erreichen einer dauerhaften Zahngesundheit und des allgemeinen Wohlbefindens.  <br><br><b>Bei Risus Dental Side sind wir mehr als nur eine Zahnarztpraxis; wir sind Ihre engagierten Verb\u00fcndeten auf dem Weg zu einem Leben lang gesunden, selbstbewussten L\u00e4cheln. Begleiten Sie uns bei unserer Mission, au\u00dfergew\u00f6hnliche zahn\u00e4rztliche Versorgung f\u00fcr jeden zug\u00e4nglich und angenehm zu machen. <\/b><b><\/b><\/p>\n\t\t\t\t\t\t\t\t<\/div>\n\t\t\t\t<\/div>\n\t\t\t\t\t<\/div>\n\t\t\t\t<\/div>\n\t\t<div class=\"elementor-element elementor-element-6372839 e-flex e-con-boxed e-con e-parent\" data-id=\"6372839\" data-element_type=\"container\">\n\t\t\t\t\t<div class=\"e-con-inner\">\n\t\t\t\t<div class=\"elementor-element elementor-element-9aaed12 elementor-widget elementor-widget-image\" data-id=\"9aaed12\" data-element_type=\"widget\" data-widget_type=\"image.default\">\n\t\t\t\t<div class=\"elementor-widget-container\">\n\t\t\t\t\t\t\t\t\t\t\t\t\t\t\t<img decoding=\"async\" width=\"1140\" height=\"380\" src=\"https:\/\/risus.dental\/wp-content\/uploads\/2025\/07\/our-vision.jpg\" class=\"attachment-full size-full wp-image-2993\" alt=\"\" srcset=\"https:\/\/risus.dental\/wp-content\/uploads\/2025\/07\/our-vision.jpg 1140w, https:\/\/risus.dental\/wp-content\/uploads\/2025\/07\/our-vision-300x100.jpg 300w, https:\/\/risus.dental\/wp-content\/uploads\/2025\/07\/our-vision-1024x341.jpg 1024w, https:\/\/risus.dental\/wp-content\/uploads\/2025\/07\/our-vision-768x256.jpg 768w, https:\/\/risus.dental\/wp-content\/uploads\/2025\/07\/elementor\/thumbs\/our-vision-150x150.jpg 1200w\" sizes=\"(max-width: 1140px) 100vw, 1140px\" \/>\t\t\t\t\t\t\t\t\t\t\t\t\t\t\t<\/div>\n\t\t\t\t<\/div>\n\t\t\t\t<div class=\"elementor-element elementor-element-e681e23 elementor-widget elementor-widget-text-editor\" data-id=\"e681e23\" data-element_type=\"widget\" data-widget_type=\"text-editor.default\">\n\t\t\t\t<div class=\"elementor-widget-container\">\n\t\t\t\t\t\t\t\t\t\n<h3>Unsere Vision<\/h3>\n<p>Bei Risus Dental Side glauben wir, dass ein strahlendes L\u00e4cheln ein Tor zu Selbstvertrauen, Gesundheit und Gl\u00fcck ist. Unsere Vision ist es, die f\u00fchrende Zahnarztpraxis zu sein, die die Art und Weise, wie Sie Mundpflege erleben, ver\u00e4ndert, indem sie modernste Technologie mit einem mitf\u00fchlenden, patientenorientierten Ansatz kombiniert. <br><br>Besuchen Sie uns bei Risus Dental Side, wo Ihr L\u00e4cheln unsere oberste Priorit\u00e4t hat. Gemeinsam k\u00f6nnen wir eine Zukunft schaffen, in der jeder das Selbstvertrauen und Wohlbefinden genie\u00dft, das mit ausgezeichneter Zahngesundheit einhergeht. <\/p>\n<p> <\/p>\n<div class=\"row justify-content-center\">\n<div class=\"col-lg-6 col-sm-6\">\n<p><i class=\"flaticon-correct\"><\/i>Exzellenz in der Versorgung<\/p>\n<p><i class=\"flaticon-correct\"><\/i>Eine einladende Umgebung<\/p>\n<p><i class=\"flaticon-correct\"><\/i>Gemeinschaft und Nachhaltigkeit<\/p>\n<\/div>\n<div class=\"col-lg-6 col-sm-6\">\n<p><i class=\"flaticon-correct\"><\/i>Innovation und Technologie<\/p>\n<p><i class=\"flaticon-correct\"><\/i>Lebenslange Zahngesundheit<\/p>\n<p> <\/p>\n<\/div>\n<\/div>\n<p> <\/p>\n<p><b>Exzellenz in der Versorgung<\/b><br>Wir verpflichten uns, den h\u00f6chsten Standard an zahn\u00e4rztlicher Versorgung zu bieten. Unser Team aus erfahrenen Fachleuten bleibt durch kontinuierliche Weiterbildung und Schulung an der Spitze der zahnmedizinischen Fortschritte. Dies stellt sicher, dass jeder von uns erstellte Behandlungsplan auf die individuellen Bed\u00fcrfnisse unserer Patienten zugeschnitten ist und die neuesten Techniken und Materialien f\u00fcr optimale Ergebnisse nutzt.  <br><br><b>Eine einladende Umgebung<\/b><br>Wir bem\u00fchen uns, jeden Besuch bei Risus Dental Side zu einem positiven und angenehmen Erlebnis zu machen. Unsere Praxis ist so konzipiert, dass sie eine entspannende Atmosph\u00e4re bietet, in der sich Patienten jeden Alters willkommen und gesch\u00e4tzt f\u00fchlen. Wir nehmen uns die Zeit, zuzuh\u00f6ren, Ihre Anliegen zu verstehen und alle Ihre Fragen zu beantworten, um sicherzustellen, dass Sie sich informiert und sicher bez\u00fcglich Ihrer zahn\u00e4rztlichen Versorgung f\u00fchlen.  <br><br><b>Gemeinschaft und Nachhaltigkeit<\/b><br>Unsere Vision reicht \u00fcber die Mauern unserer Praxis hinaus. Wir setzen uns daf\u00fcr ein, durch Outreach-Programme, Bildungsinitiativen und Partnerschaften einen positiven Einfluss in unserer Gemeinschaft zu erzielen. Dar\u00fcber hinaus engagieren wir uns f\u00fcr nachhaltige Praktiken, die unseren \u00f6kologischen Fu\u00dfabdruck reduzieren und das allgemeine Wohlbefinden f\u00f6rdern.  <br><br><b>Innovation und Technologie<\/b><br>Innovation ist das Herzst\u00fcck unserer Praxis. Wir investieren in modernste Zahntechnologie, die Genauigkeit, Effizienz und Komfort verbessert. Von der digitalen Bildgebung und Laserzahnmedizin bis hin zu minimalinvasiven Verfahren ist es unser Ziel, Ihr Zahnarzterlebnis so effektiv und schmerzfrei wie m\u00f6glich zu gestalten.  <br><br><b>Lebenslange Zahngesundheit<\/b><br>Bei Risus Dental Side glauben wir an den Aufbau dauerhafter Beziehungen zu unseren Patienten. Unsere Vision ist es, Sie beim Erreichen und Erhalt lebenslanger Zahngesundheit zu unterst\u00fctzen. Wir bilden Sie aus und bef\u00e4higen Sie mit dem notwendigen Wissen und den Werkzeugen, um die Kontrolle \u00fcber Ihre Mundhygiene zu \u00fcbernehmen und Probleme zu verhindern, bevor sie entstehen.  <b><\/b><\/p>\n\t\t\t\t\t\t\t\t<\/div>\n\t\t\t\t<\/div>\n\t\t\t\t\t<\/div>\n\t\t\t\t<\/div>\n\t\t<div class=\"elementor-element elementor-element-a4fec7a e-flex e-con-boxed e-con e-parent\" data-id=\"a4fec7a\" data-element_type=\"container\">\n\t\t\t\t\t<div class=\"e-con-inner\">\n\t\t\t\t<div class=\"elementor-element elementor-element-325dc51 elementor-widget elementor-widget-image\" data-id=\"325dc51\" data-element_type=\"widget\" data-widget_type=\"image.default\">\n\t\t\t\t<div class=\"elementor-widget-container\">\n\t\t\t\t\t\t\t\t\t\t\t\t\t\t\t<img decoding=\"async\" width=\"1140\" height=\"380\" src=\"https:\/\/risus.dental\/wp-content\/uploads\/2025\/07\/our-values.jpg\" class=\"attachment-full size-full wp-image-2994\" alt=\"\" srcset=\"https:\/\/risus.dental\/wp-content\/uploads\/2025\/07\/our-values.jpg 1140w, https:\/\/risus.dental\/wp-content\/uploads\/2025\/07\/our-values-300x100.jpg 300w, https:\/\/risus.dental\/wp-content\/uploads\/2025\/07\/our-values-1024x341.jpg 1024w, https:\/\/risus.dental\/wp-content\/uploads\/2025\/07\/our-values-768x256.jpg 768w, https:\/\/risus.dental\/wp-content\/uploads\/2025\/07\/elementor\/thumbs\/our-values-150x150.jpg 1200w\" sizes=\"(max-width: 1140px) 100vw, 1140px\" \/>\t\t\t\t\t\t\t\t\t\t\t\t\t\t\t<\/div>\n\t\t\t\t<\/div>\n\t\t\t\t<div class=\"elementor-element elementor-element-9948221 elementor-widget elementor-widget-text-editor\" data-id=\"9948221\" data-element_type=\"widget\" data-widget_type=\"text-editor.default\">\n\t\t\t\t<div class=\"elementor-widget-container\">\n\t\t\t\t\t\t\t\t\t\n<h3 class=\"mavis-el-title\">Unsere Werte<\/h3>\n<p>Bei Risus Dental Side leiten unsere Werte alles, was wir tun, von der Art und Weise, wie wir mit unseren Patienten interagieren, bis zu den Standards, die wir in unserer Praxis aufrechterhalten. Diese Kernwerte sind die Grundlage unseres Engagements f\u00fcr eine au\u00dfergew\u00f6hnliche zahn\u00e4rztliche Versorgung. <br><br><b>Mitgef\u00fchl<\/b><br>Wir glauben daran, jeden Patienten mit Freundlichkeit und Verst\u00e4ndnis zu behandeln. Unser mitf\u00fchlender Ansatz stellt sicher, dass Sie sich auf jedem Schritt Ihrer zahn\u00e4rztlichen Reise umsorgt und gesch\u00e4tzt f\u00fchlen. Wir nehmen uns die Zeit, auf Ihre Anliegen zu h\u00f6ren und bieten eine sanfte, einf\u00fchlsame und auf Ihre Bed\u00fcrfnisse zugeschnittene Versorgung.  <br><br><b>Exzellenz<\/b><br>Exzellenz ist das Herzst\u00fcck unserer Praxis. Wir widmen uns der Bereitstellung der h\u00f6chsten Qualit\u00e4t zahn\u00e4rztlicher Versorgung, indem wir unsere F\u00e4higkeiten und Kenntnisse kontinuierlich weiterentwickeln. Unser Team bleibt mit den neuesten Fortschritten in der Zahntechnologie und -techniken auf dem Laufenden, um Ihnen die bestm\u00f6glichen Ergebnisse zu bieten.  <br><br><b>Integrit\u00e4t<\/b><br>Integrit\u00e4t ist der Grundstein unserer Praxis. Wir handeln in all unseren Interaktionen mit Ehrlichkeit und Transparenz. Unsere Patienten k\u00f6nnen darauf vertrauen, dass wir genaue Informationen, klare Kommunikation und ethische Empfehlungen f\u00fcr ihre zahn\u00e4rztliche Versorgung bieten.  <br><br><b>Innovation<\/b><br>Wir setzen auf Innovation, um unsere Dienstleistungen zu verbessern und die Patientenerfahrung zu optimieren. Durch die Integration modernster Technologie und moderner Praktiken stellen wir sicher, dass unsere Patienten von den effizientesten, effektivsten und komfortabelsten zahn\u00e4rztlichen Behandlungen profitieren. <br><br><b>Patientenorientierung<\/b><br>Unsere Patienten haben oberste Priorit\u00e4t. Wir verpflichten uns, eine einladende und unterst\u00fctzende Umgebung zu schaffen, in der Sie sich wohlf\u00fchlen. Unser patientenorientierter Ansatz bedeutet, dass Ihre Bed\u00fcrfnisse und Vorlieben stets ber\u00fccksichtigt werden und Ihr Komfort und Ihre Zufriedenheit an erster Stelle stehen.  <br><br><b>Engagement in der Gemeinschaft<\/b><br>Wir sch\u00e4tzen unsere Rolle in der Gemeinschaft und setzen uns daf\u00fcr ein, einen positiven Einfluss zu erzielen. Durch Outreach-Programme, Bildungsinitiativen und Gemeinschaftspartnerschaften bem\u00fchen wir uns, die Mundgesundheit und das allgemeine Wohlbefinden in den von uns betreuten Stadtteilen zu f\u00f6rdern.  <\/p>\n<p><b>Lebenslanges Lernen<\/b><br>Wir glauben an die Bedeutung des kontinuierlichen Lernens. Unser Engagement f\u00fcr lebenslanges Lernen stellt sicher, dass wir an der Spitze der Zahnmedizin bleiben und unseren Patienten die aktuellsten und effektivsten Behandlungen bieten. Wir bef\u00e4higen unsere Patienten auch mit Wissen, das ihnen hilft, fundierte Entscheidungen \u00fcber ihre Mundgesundheit zu treffen.  <br><br><b>Bei Risus Dental Side definieren diese Werte, wer wir sind, und leiten unsere Mission, eine au\u00dfergew\u00f6hnliche zahn\u00e4rztliche Versorgung zu bieten. Wir widmen uns der Schaffung einer Praxis, in der sich jeder Patient respektiert, gesch\u00e4tzt und in seinem L\u00e4cheln selbstbewusst f\u00fchlt. <\/b><\/p>\n\t\t\t\t\t\t\t\t<\/div>\n\t\t\t\t<\/div>\n\t\t\t\t\t<\/div>\n\t\t\t\t<\/div>\n\t\t\t\t<\/div>\n\t\t","protected":false},"excerpt":{"rendered":"<p>Unsere Mission Bei Risus Dental Side ist es unsere Mission, die Lebensqualit\u00e4t unserer Patienten zu verbessern, indem wir eine au\u00dfergew\u00f6hnliche zahn\u00e4rztliche Versorgung bieten, die fortschrittliche Technologie mit einer pers\u00f6nlichen Note verbindet. Wir widmen uns der Schaffung gesunder, sch\u00f6ner L\u00e4cheln in einer mitf\u00fchlenden und einladenden Umgebung. Patientenorientierte VersorgungWir stellen unsere Patienten in den Mittelpunkt unseres Handelns. <\/p>\n","protected":false},"author":1,"featured_media":0,"parent":0,"menu_order":0,"comment_status":"closed","ping_status":"closed","template":"","meta":{"_acf_changed":false,"footnotes":""},"class_list":["post-3038","page","type-page","status-publish","hentry"],"acf":[],"_links":{"self":[{"href":"https:\/\/risus.dental\/de\/wp-json\/wp\/v2\/pages\/3038","targetHints":{"allow":["GET"]}}],"collection":[{"href":"https:\/\/risus.dental\/de\/wp-json\/wp\/v2\/pages"}],"about":[{"href":"https:\/\/risus.dental\/de\/wp-json\/wp\/v2\/types\/page"}],"author":[{"embeddable":true,"href":"https:\/\/risus.dental\/de\/wp-json\/wp\/v2\/users\/1"}],"replies":[{"embeddable":true,"href":"https:\/\/risus.dental\/de\/wp-json\/wp\/v2\/comments?post=3038"}],"version-history":[{"count":4,"href":"https:\/\/risus.dental\/de\/wp-json\/wp\/v2\/pages\/3038\/revisions"}],"predecessor-version":[{"id":3042,"href":"https:\/\/risus.dental\/de\/wp-json\/wp\/v2\/pages\/3038\/revisions\/3042"}],"wp:attachment":[{"href":"https:\/\/risus.dental\/de\/wp-json\/wp\/v2\/media?parent=3038"}],"curies":[{"name":"wp","href":"https:\/\/api.w.org\/{rel}","templated":true}]}}