{"id":3032,"date":"2025-07-02T17:23:21","date_gmt":"2025-07-02T14:23:21","guid":{"rendered":"https:\/\/risus.dental\/zahnaerzte\/"},"modified":"2025-09-01T19:19:19","modified_gmt":"2025-09-01T16:19:19","slug":"zahnaerzte","status":"publish","type":"page","link":"https:\/\/risus.dental\/de\/zahnaerzte\/","title":{"rendered":"Zahn\u00e4rzte"},"content":{"rendered":"\t\t<div data-elementor-type=\"wp-page\" data-elementor-id=\"3032\" class=\"elementor elementor-3032 elementor-2549\" data-elementor-post-type=\"page\">\n\t\t\t\t<div class=\"elementor-element elementor-element-25ee34f e-con-full e-flex e-con e-parent\" data-id=\"25ee34f\" data-element_type=\"container\">\n\t\t\t\t<div class=\"elementor-element elementor-element-4cebe0f elementor-widget elementor-widget-mavis_Doctors_Slider\" data-id=\"4cebe0f\" data-element_type=\"widget\" data-widget_type=\"mavis_Doctors_Slider.default\">\n\t\t\t\t<div class=\"elementor-widget-container\">\n\t\t\t\t\t            <div class=\"doctor-area bg-white-color\">\n                <div class=\"doctor-inner ptb-120\">\n                    <div class=\"container\" data-cues=\"zoomIn\">\n                                                    <div class=\"section-top-title\">\n                                <div class=\"row justify-content-center\">\n                                                                            <div class=\"col-lg-4 col-md-12\">\n                                            <span class=\"sub\">Lernen Sie unsere Zahn\u00e4rzte kennen<\/span>\n                                        <\/div>\n                                    \n                                                                            <div class=\"col-lg-8 col-md-12\">\n                                            <h2 class=\"mavis-el-title\">Die erfahrenen Profis<\/h2>\n                                        <\/div>\n                                                                    <\/div>\n                            <\/div>\n                        \n                        <div class=\"swiper doctor-wrap-slider\">\n                            <div class=\"swiper-wrapper\">\n                                                                    <div class=\"swiper-slide\">\n                                        <div class=\"doctor-card\">\n                                            <div class=\"doctor-image\">\n                                                <a href=\"https:\/\/risus.dental\/de\/doctor\/dmd-buesra-gizem-erkay\/\">\n                                                    <img fetchpriority=\"high\" decoding=\"async\" width=\"620\" height=\"700\" src=\"https:\/\/risus.dental\/wp-content\/uploads\/2025\/07\/dmd-busra-erkay.png\" class=\"attachment-post-thumbnail size-post-thumbnail wp-post-image\" alt=\"\" srcset=\"https:\/\/risus.dental\/wp-content\/uploads\/2025\/07\/dmd-busra-erkay.png 620w, https:\/\/risus.dental\/wp-content\/uploads\/2025\/07\/dmd-busra-erkay-266x300.png 266w\" sizes=\"(max-width: 620px) 100vw, 620px\" \/>                                                <\/a>\n                                                                                            <\/div>\n                                            <div class=\"doctor-content\">\n                                                <h3>\n                                                    <a href=\"https:\/\/risus.dental\/de\/doctor\/dmd-buesra-gizem-erkay\/\">DMD B\u00fc\u015fra Gizem Erkay<\/a>\n                                                <\/h3>\n                                                <span>Periodontist<\/span>\n                                            <\/div>\n                                        <\/div>\n                                    <\/div>\n                                                                    <div class=\"swiper-slide\">\n                                        <div class=\"doctor-card\">\n                                            <div class=\"doctor-image\">\n                                                <a href=\"https:\/\/risus.dental\/de\/doctor\/dmd-eren-besli\/\">\n                                                    <img decoding=\"async\" width=\"620\" height=\"700\" src=\"https:\/\/risus.dental\/wp-content\/uploads\/2025\/07\/dmd-eren-besli.png\" class=\"attachment-post-thumbnail size-post-thumbnail wp-post-image\" alt=\"\" srcset=\"https:\/\/risus.dental\/wp-content\/uploads\/2025\/07\/dmd-eren-besli.png 620w, https:\/\/risus.dental\/wp-content\/uploads\/2025\/07\/dmd-eren-besli-266x300.png 266w\" sizes=\"(max-width: 620px) 100vw, 620px\" \/>                                                <\/a>\n                                                                                            <\/div>\n                                            <div class=\"doctor-content\">\n                                                <h3>\n                                                    <a href=\"https:\/\/risus.dental\/de\/doctor\/dmd-eren-besli\/\">DMD Eren Besli<\/a>\n                                                <\/h3>\n                                                <span>Periodontist<\/span>\n                                            <\/div>\n                                        <\/div>\n                                    <\/div>\n                                                                    <div class=\"swiper-slide\">\n                                        <div class=\"doctor-card\">\n                                            <div class=\"doctor-image\">\n                                                <a href=\"https:\/\/risus.dental\/de\/doctor\/dmd-huessam-arslan\/\">\n                                                    <img decoding=\"async\" width=\"620\" height=\"700\" src=\"https:\/\/risus.dental\/wp-content\/uploads\/2025\/07\/dmd-hussam-arslan.png\" class=\"attachment-post-thumbnail size-post-thumbnail wp-post-image\" alt=\"\" srcset=\"https:\/\/risus.dental\/wp-content\/uploads\/2025\/07\/dmd-hussam-arslan.png 620w, https:\/\/risus.dental\/wp-content\/uploads\/2025\/07\/dmd-hussam-arslan-266x300.png 266w\" sizes=\"(max-width: 620px) 100vw, 620px\" \/>                                                <\/a>\n                                                                                            <\/div>\n                                            <div class=\"doctor-content\">\n                                                <h3>\n                                                    <a href=\"https:\/\/risus.dental\/de\/doctor\/dmd-huessam-arslan\/\">DMD H\u00fcssam Arslan<\/a>\n                                                <\/h3>\n                                                <span>Periodontist<\/span>\n                                            <\/div>\n                                        <\/div>\n                                    <\/div>\n                                                                                            <\/div>\n                            <div class=\"doctor-pagination-and-button\">\n                                <div class=\"doctor-pagination\"><\/div>\n                                <ul class=\"doctor-button-list\">\n                                    <li>\n                                        <div class=\"doctor-button-prev\">\n                                            <i class=\"ri-arrow-left-line\"><\/i>\n                                        <\/div>\n                                    <\/li>\n                                    <li>\n                                        <div class=\"doctor-button-next\">\n                                            <i class=\"ri-arrow-right-line\"><\/i>\n                                        <\/div>\n                                    <\/li>\n                                <\/ul>\n                            <\/div>\n                        <\/div>\n                    <\/div>\n                <\/div>\n            <\/div>\n        \t\t\t\t<\/div>\n\t\t\t\t<\/div>\n\t\t\t\t<\/div>\n\t\t\t\t<\/div>\n\t\t","protected":false},"excerpt":{"rendered":"<p>Lernen Sie unsere Zahn\u00e4rzte kennen Die erfahrenen Profis DMD Eren Besli Doctor of Dental Medicine DMD H\u00fcssam Arslan Doctor of Dental Medicine DMD B\u00fc\u015fra Gizem Erkay Doctor of Dental Medicine<\/p>\n","protected":false},"author":1,"featured_media":0,"parent":0,"menu_order":0,"comment_status":"closed","ping_status":"closed","template":"","meta":{"_acf_changed":false,"footnotes":""},"class_list":["post-3032","page","type-page","status-publish","hentry"],"acf":[],"_links":{"self":[{"href":"https:\/\/risus.dental\/de\/wp-json\/wp\/v2\/pages\/3032","targetHints":{"allow":["GET"]}}],"collection":[{"href":"https:\/\/risus.dental\/de\/wp-json\/wp\/v2\/pages"}],"about":[{"href":"https:\/\/risus.dental\/de\/wp-json\/wp\/v2\/types\/page"}],"author":[{"embeddable":true,"href":"https:\/\/risus.dental\/de\/wp-json\/wp\/v2\/users\/1"}],"replies":[{"embeddable":true,"href":"https:\/\/risus.dental\/de\/wp-json\/wp\/v2\/comments?post=3032"}],"version-history":[{"count":5,"href":"https:\/\/risus.dental\/de\/wp-json\/wp\/v2\/pages\/3032\/revisions"}],"predecessor-version":[{"id":3037,"href":"https:\/\/risus.dental\/de\/wp-json\/wp\/v2\/pages\/3032\/revisions\/3037"}],"wp:attachment":[{"href":"https:\/\/risus.dental\/de\/wp-json\/wp\/v2\/media?parent=3032"}],"curies":[{"name":"wp","href":"https:\/\/api.w.org\/{rel}","templated":true}]}}