{"id":3017,"date":"2024-04-24T10:29:17","date_gmt":"2024-04-24T07:29:17","guid":{"rendered":"https:\/\/risus.dental\/zahnbehandlungen\/"},"modified":"2025-09-01T18:58:14","modified_gmt":"2025-09-01T15:58:14","slug":"zahnbehandlungen","status":"publish","type":"page","link":"https:\/\/risus.dental\/de\/zahnbehandlungen\/","title":{"rendered":"Zahnbehandlungen"},"content":{"rendered":"\t\t<div data-elementor-type=\"wp-page\" data-elementor-id=\"3017\" class=\"elementor elementor-3017 elementor-946\" data-elementor-post-type=\"page\">\n\t\t\t\t<div class=\"elementor-element elementor-element-b651697 e-con-full e-flex e-con e-parent\" data-id=\"b651697\" data-element_type=\"container\" data-settings=\"{&quot;background_background&quot;:&quot;classic&quot;}\">\n\t\t\t\t<div class=\"elementor-element elementor-element-842727e elementor-widget elementor-widget-MavisServicesThree\" data-id=\"842727e\" data-element_type=\"widget\" data-widget_type=\"MavisServicesThree.default\">\n\t\t\t\t<div class=\"elementor-widget-container\">\n\t\t\t\t\t        <div class=\"services-wrap-area bg-optional-color5\">\n            <div class=\"services-wrap-inner ptb-120\">\n                <div class=\"container\">\n                                            <div class=\"section-top-title\">\n                            <div class=\"row justify-content-center\">\n                                                                    <div class=\"col-lg-4 col-md-12\">\n                                        <span class=\"sub\">Unsere Dienste<\/span>\n                                    <\/div>\n                                \n                                                                    <div class=\"col-lg-8 col-md-12\">\n                                        <h2 class=\"mavis-el-title\">Verwandeln Sie Ihr L\u00e4cheln mit umfassenden zahn\u00e4rztlichen Leistungen<\/h2>\n                                    <\/div>\n                                                            <\/div>\n                        <\/div>\n                                                                <div class=\"services-item bg1 active\" id=\"services-element1\">\n                            <div class=\"row justify-content-center align-items-center\">\n                                <div class=\"col-lg-8 col-md-8\">\n                                    <div class=\"services-content\">\n                                        <h3>\n                                            <a href=\"https:\/\/risus.dental\/de\/services\/zahnimplantate\/\">Zahnimplantate<\/a>\n                                        <\/h3>\n                                                                            <\/div>\n                                <\/div>\n                                <div class=\"col-lg-4 col-md-4\">\n                                    <div class=\"services-arrow\">\n                                        <a href=\"https:\/\/risus.dental\/de\/services\/zahnimplantate\/\">\n                                            <i class=\"flaticon-up-right-arrow\"><\/i>\n                                        <\/a>\n                                    <\/div>\n                                <\/div>\n                            <\/div>\n                        <\/div>\n                                                <div class=\"services-item bg2 \" id=\"services-element2\">\n                            <div class=\"row justify-content-center align-items-center\">\n                                <div class=\"col-lg-8 col-md-8\">\n                                    <div class=\"services-content\">\n                                        <h3>\n                                            <a href=\"https:\/\/risus.dental\/de\/services\/kosmetische-zahnheilkunde\/\">Kosmetische Zahnheilkunde<\/a>\n                                        <\/h3>\n                                                                            <\/div>\n                                <\/div>\n                                <div class=\"col-lg-4 col-md-4\">\n                                    <div class=\"services-arrow\">\n                                        <a href=\"https:\/\/risus.dental\/de\/services\/kosmetische-zahnheilkunde\/\">\n                                            <i class=\"flaticon-up-right-arrow\"><\/i>\n                                        <\/a>\n                                    <\/div>\n                                <\/div>\n                            <\/div>\n                        <\/div>\n                                                <div class=\"services-item bg3 \" id=\"services-element3\">\n                            <div class=\"row justify-content-center align-items-center\">\n                                <div class=\"col-lg-8 col-md-8\">\n                                    <div class=\"services-content\">\n                                        <h3>\n                                            <a href=\"https:\/\/risus.dental\/de\/services\/all-on-6-zahnimplantate\/\">All-on-6-Zahnimplantate<\/a>\n                                        <\/h3>\n                                                                            <\/div>\n                                <\/div>\n                                <div class=\"col-lg-4 col-md-4\">\n                                    <div class=\"services-arrow\">\n                                        <a href=\"https:\/\/risus.dental\/de\/services\/all-on-6-zahnimplantate\/\">\n                                            <i class=\"flaticon-up-right-arrow\"><\/i>\n                                        <\/a>\n                                    <\/div>\n                                <\/div>\n                            <\/div>\n                        <\/div>\n                                                <div class=\"services-item bg4 \" id=\"services-element4\">\n                            <div class=\"row justify-content-center align-items-center\">\n                                <div class=\"col-lg-8 col-md-8\">\n                                    <div class=\"services-content\">\n                                        <h3>\n                                            <a href=\"https:\/\/risus.dental\/de\/services\/all-on-4-zahnimplantate\/\">All-on-4 Zahnimplantate<\/a>\n                                        <\/h3>\n                                                                            <\/div>\n                                <\/div>\n                                <div class=\"col-lg-4 col-md-4\">\n                                    <div class=\"services-arrow\">\n                                        <a href=\"https:\/\/risus.dental\/de\/services\/all-on-4-zahnimplantate\/\">\n                                            <i class=\"flaticon-up-right-arrow\"><\/i>\n                                        <\/a>\n                                    <\/div>\n                                <\/div>\n                            <\/div>\n                        <\/div>\n                        \n                                    <\/div>\n            <\/div>\n        <\/div>\n        \t\t\t\t<\/div>\n\t\t\t\t<\/div>\n\t\t\t\t<\/div>\n\t\t<div class=\"elementor-element elementor-element-77c2db1 e-con-full e-flex e-con e-parent\" data-id=\"77c2db1\" data-element_type=\"container\">\n\t\t\t\t<div class=\"elementor-element elementor-element-9b1ea76 elementor-widget elementor-widget-mavis_free_consultation\" data-id=\"9b1ea76\" data-element_type=\"widget\" data-widget_type=\"mavis_free_consultation.default\">\n\t\t\t\t<div class=\"elementor-widget-container\">\n\t\t\t\t\t        \r\n        <!-- Start Free Consultation Area -->\r\n        <div class=\"free-consultation-area bg-gray-color\">\r\n            <div class=\"free-consultation-inner ptb-120\">\r\n                <div class=\"container\">\r\n                    <div class=\"row justify-content-center align-items-center\" data-cues=\"slideInUp\">\r\n                        <div class=\"col-lg-6 col-md-12\">\r\n                            <div class=\"free-consultation-content\">\r\n                                                                                                    <h2 class=\"mavis-el-title\"> Buchen Sie noch heute Ihre kostenlose Beratung<\/h2>\r\n                                                                <p>Machen Sie den ersten Schritt zu einem ges\u00fcnderen L\u00e4cheln: Vereinbaren Sie noch heute Ihren pers\u00f6nlichen Beratungstermin mit unserem kompetenten Zahnarztteam.<\/p>\r\n                                                                    <div class=\"free-consultation-btn\">\r\n                                        <a href=\"\/kontakt\/\" class=\"default-btn\">\r\n                                             \r\n                                                <span class=\"btn-left-i\">\r\n                                                                                                            <i class=\"flaticon-right-arrow\"><\/i> \r\n                                                                                                    <\/span>\r\n                                            \r\n                                            Kontaktieren Sie uns f\u00fcr eine kostenlose Beratung\r\n                                             \r\n                                                <span class=\"btn-right-i\">\r\n                                                                                                            <i class=\"flaticon-right-arrow\"><\/i> \r\n                                                                                                    <\/span>\r\n                                                                                    <\/a>                                    \r\n                                    <\/div>\r\n                                                            <\/div>\r\n                        <\/div>\r\n                        <div class=\"col-lg-6 col-md-12\">\r\n                            <div class=\"free-consultation-image\">\r\n                                                                    <img decoding=\"async\" src=\"https:\/\/risus.dental\/wp-content\/uploads\/2025\/07\/free-dental-consultation-manavgat.jpg\" alt=\"free dental consultation manavgat side\">\r\n                                                            <\/div>\r\n                        <\/div>\r\n                    <\/div>\r\n                <\/div>\r\n            <\/div>\r\n        <\/div>\r\n        <!-- End Free Consultation Area -->\r\n    \t\t\t\t<\/div>\n\t\t\t\t<\/div>\n\t\t\t\t<\/div>\n\t\t\t\t<\/div>\n\t\t","protected":false},"excerpt":{"rendered":"<p>Unsere Dienste Verwandeln Sie Ihr L\u00e4cheln mit umfassenden zahn\u00e4rztlichen Leistungen Dental Implants Cosmetic Dentistry All on 6 Dental Implants All on 4 Dental Implants Buchen Sie noch heute Ihre kostenlose Beratung Machen Sie den ersten Schritt zu einem ges\u00fcnderen L\u00e4cheln: Vereinbaren Sie noch heute Ihren pers\u00f6nlichen Beratungstermin mit unserem kompetenten Zahnarztteam. Kontaktieren Sie uns f\u00fcr <\/p>\n","protected":false},"author":1,"featured_media":0,"parent":0,"menu_order":0,"comment_status":"closed","ping_status":"closed","template":"","meta":{"_acf_changed":false,"footnotes":""},"class_list":["post-3017","page","type-page","status-publish","hentry"],"acf":[],"_links":{"self":[{"href":"https:\/\/risus.dental\/de\/wp-json\/wp\/v2\/pages\/3017","targetHints":{"allow":["GET"]}}],"collection":[{"href":"https:\/\/risus.dental\/de\/wp-json\/wp\/v2\/pages"}],"about":[{"href":"https:\/\/risus.dental\/de\/wp-json\/wp\/v2\/types\/page"}],"author":[{"embeddable":true,"href":"https:\/\/risus.dental\/de\/wp-json\/wp\/v2\/users\/1"}],"replies":[{"embeddable":true,"href":"https:\/\/risus.dental\/de\/wp-json\/wp\/v2\/comments?post=3017"}],"version-history":[{"count":5,"href":"https:\/\/risus.dental\/de\/wp-json\/wp\/v2\/pages\/3017\/revisions"}],"predecessor-version":[{"id":3022,"href":"https:\/\/risus.dental\/de\/wp-json\/wp\/v2\/pages\/3017\/revisions\/3022"}],"wp:attachment":[{"href":"https:\/\/risus.dental\/de\/wp-json\/wp\/v2\/media?parent=3017"}],"curies":[{"name":"wp","href":"https:\/\/api.w.org\/{rel}","templated":true}]}}