{"id":3010,"date":"2024-04-28T09:53:04","date_gmt":"2024-04-28T06:53:04","guid":{"rendered":"https:\/\/risus.dental\/haeufig-gestellte-fragen\/"},"modified":"2025-09-01T18:54:27","modified_gmt":"2025-09-01T15:54:27","slug":"haeufig-gestellte-fragen","status":"publish","type":"page","link":"https:\/\/risus.dental\/de\/haeufig-gestellte-fragen\/","title":{"rendered":"H\u00e4ufig gestellte Fragen"},"content":{"rendered":"\t\t<div data-elementor-type=\"wp-page\" data-elementor-id=\"3010\" class=\"elementor elementor-3010 elementor-1200\" data-elementor-post-type=\"page\">\n\t\t\t\t<div class=\"elementor-element elementor-element-b4a17de e-con-full e-flex e-con e-parent\" data-id=\"b4a17de\" data-element_type=\"container\">\n\t\t\t\t<div class=\"elementor-element elementor-element-b078bd8 elementor-widget elementor-widget-mavis_faq\" data-id=\"b078bd8\" data-element_type=\"widget\" data-widget_type=\"mavis_faq.default\">\n\t\t\t\t<div class=\"elementor-widget-container\">\n\t\t\t\t\t        <!-- Start FAQ Area -->\r\n        <div class=\"faq-area ptb-120\">\r\n            <div class=\"container\">\r\n                <div class=\"faq-inner\">\r\n                    <h2 class=\"mavis-el-title\">Frequently Asked &amp; Questions<\/h2>\r\n                    <div class=\"faq-accordion\">\r\n                        <div class=\"accordion\" id=\"faqAccordion\">\r\n                                                                <div class=\"accordion-item\">\r\n                                        <button class=\"accordion-button show \" type=\"button\" data-bs-toggle=\"collapse\" data-bs-target=\"#collapse1\" aria-expanded=\"true\" aria-controls=\"collapse1\">\r\n                                            Wie sind die \u00d6ffnungszeiten Ihrer Klinik?                                        <\/button>\r\n                                        <div id=\"collapse1\" class=\"accordion-collapse collapse show\" data-bs-parent=\"#faqAccordion\">\r\n                                            <div class=\"accordion-body\">\r\n                                                <p>Werktags: 09:00\u201318:00 Uhr\nSamstag: 09:00\u201314:00 Uhr<\/p>\r\n                                            <\/div>\r\n                                        <\/div>\r\n                                    <\/div>\r\n                                                                        <div class=\"accordion-item\">\r\n                                        <button class=\"accordion-button  collapsed\" type=\"button\" data-bs-toggle=\"collapse\" data-bs-target=\"#collapse2\" aria-expanded=\"false\" aria-controls=\"collapse2\">\r\n                                            Muss ich einen Termin vereinbaren oder sind auch spontane Besuche m\u00f6glich?                                        <\/button>\r\n                                        <div id=\"collapse2\" class=\"accordion-collapse collapse \" data-bs-parent=\"#faqAccordion\">\r\n                                            <div class=\"accordion-body\">\r\n                                                <p>Die Risus Zahnklinik ist montags bis freitags von 9:00 bis 18:00 Uhr ge\u00f6ffnet. Samstags bieten wir zus\u00e4tzlich eingeschr\u00e4nkte \u00d6ffnungszeiten von 9:00 bis 14:00 Uhr an, um den unterschiedlichen Terminpl\u00e4nen unserer Patienten gerecht zu werden. Bitte beachten Sie, dass unsere Klinik an Sonn- und Feiertagen geschlossen ist.<\/p>\r\n                                            <\/div>\r\n                                        <\/div>\r\n                                    <\/div>\r\n                                                                        <div class=\"accordion-item\">\r\n                                        <button class=\"accordion-button  collapsed\" type=\"button\" data-bs-toggle=\"collapse\" data-bs-target=\"#collapse3\" aria-expanded=\"false\" aria-controls=\"collapse3\">\r\n                                            Was sind Zahnimplantate?                                        <\/button>\r\n                                        <div id=\"collapse3\" class=\"accordion-collapse collapse \" data-bs-parent=\"#faqAccordion\">\r\n                                            <div class=\"accordion-body\">\r\n                                                <p>Zahnimplantate sind k\u00fcnstliche Zahnwurzeln aus Titan, die operativ in den Kieferknochen eingesetzt werden. Sie dienen als stabile Basis f\u00fcr Zahnersatz wie Kronen, Br\u00fccken oder Prothesen.<\/p>\r\n                                            <\/div>\r\n                                        <\/div>\r\n                                    <\/div>\r\n                                                                        <div class=\"accordion-item\">\r\n                                        <button class=\"accordion-button  collapsed\" type=\"button\" data-bs-toggle=\"collapse\" data-bs-target=\"#collapse4\" aria-expanded=\"false\" aria-controls=\"collapse4\">\r\n                                            Wer ist ein guter Kandidat f\u00fcr Zahnimplantate?                                        <\/button>\r\n                                        <div id=\"collapse4\" class=\"accordion-collapse collapse \" data-bs-parent=\"#faqAccordion\">\r\n                                            <div class=\"accordion-body\">\r\n                                                <p>Ideale Kandidaten verf\u00fcgen \u00fcber gesundes Zahnfleisch, ausreichende Knochendichte und einen guten allgemeinen Gesundheitszustand. Raucher oder Patienten mit chronischen Erkrankungen wie Diabetes ben\u00f6tigen m\u00f6glicherweise zus\u00e4tzliche Untersuchungen, bevor sie fortfahren.<\/p>\r\n                                            <\/div>\r\n                                        <\/div>\r\n                                    <\/div>\r\n                                                                        <div class=\"accordion-item\">\r\n                                        <button class=\"accordion-button  collapsed\" type=\"button\" data-bs-toggle=\"collapse\" data-bs-target=\"#collapse5\" aria-expanded=\"false\" aria-controls=\"collapse5\">\r\n                                            Wie lange halten Zahnimplantate?                                        <\/button>\r\n                                        <div id=\"collapse5\" class=\"accordion-collapse collapse \" data-bs-parent=\"#faqAccordion\">\r\n                                            <div class=\"accordion-body\">\r\n                                                <p>Bei richtiger Pflege k\u00f6nnen Zahnimplantate 15 Jahre oder l\u00e4nger halten, oft sogar ein Leben lang. Regelm\u00e4\u00dfige zahn\u00e4rztliche Kontrolluntersuchungen, gute Mundhygiene und das Vermeiden von Gewohnheiten wie Rauchen tragen dazu bei, ihre Lebensdauer zu verl\u00e4ngern.<\/p>\r\n                                            <\/div>\r\n                                        <\/div>\r\n                                    <\/div>\r\n                                                                        <div class=\"accordion-item\">\r\n                                        <button class=\"accordion-button  collapsed\" type=\"button\" data-bs-toggle=\"collapse\" data-bs-target=\"#collapse6\" aria-expanded=\"false\" aria-controls=\"collapse6\">\r\n                                            Ist die Zahnimplantation schmerzhaft?                                        <\/button>\r\n                                        <div id=\"collapse6\" class=\"accordion-collapse collapse \" data-bs-parent=\"#faqAccordion\">\r\n                                            <div class=\"accordion-body\">\r\n                                                <p>Die meisten Patienten berichten nach dem Eingriff nur von leichten Beschwerden. W\u00e4hrend der Operation wird eine Lokalan\u00e4sthesie angewendet, um die Schmerzen zu minimieren. rezeptfreie Medikamente lindern in der Regel die postoperativen Schmerzen.<\/p>\r\n                                            <\/div>\r\n                                        <\/div>\r\n                                    <\/div>\r\n                                                                        <div class=\"accordion-item\">\r\n                                        <button class=\"accordion-button  collapsed\" type=\"button\" data-bs-toggle=\"collapse\" data-bs-target=\"#collapse7\" aria-expanded=\"false\" aria-controls=\"collapse7\">\r\n                                            Kann ich Zahnimplantate bekommen, wenn ich Knochen im Kiefer verloren habe?                                        <\/button>\r\n                                        <div id=\"collapse7\" class=\"accordion-collapse collapse \" data-bs-parent=\"#faqAccordion\">\r\n                                            <div class=\"accordion-body\">\r\n                                                <p>Ja, aber Sie ben\u00f6tigen m\u00f6glicherweise eine Knochentransplantation, um den Kieferknochen vor dem Einsetzen des Implantats wieder aufzubauen. Ihr Zahnarzt oder Kieferchirurg wird Ihre Knochenstruktur mittels R\u00f6ntgenaufnahmen oder 3D-Bildgebung beurteilen.<\/p>\r\n                                            <\/div>\r\n                                        <\/div>\r\n                                    <\/div>\r\n                                                            <\/div>\r\n                    <\/div>\r\n                <\/div>\r\n            <\/div>\r\n        <\/div>\r\n        <!-- End FAQ Area -->\r\n    \t\t\t\t<\/div>\n\t\t\t\t<\/div>\n\t\t\t\t<\/div>\n\t\t\t\t<\/div>\n\t\t","protected":false},"excerpt":{"rendered":"<p>Frequently Asked &amp; Questions Wie sind die \u00d6ffnungszeiten Ihrer Klinik? Werktags: 09:00\u201318:00 Uhr Samstag: 09:00\u201314:00 Uhr Muss ich einen Termin vereinbaren oder sind auch spontane Besuche m\u00f6glich? Die Risus Zahnklinik ist montags bis freitags von 9:00 bis 18:00 Uhr ge\u00f6ffnet. Samstags bieten wir zus\u00e4tzlich eingeschr\u00e4nkte \u00d6ffnungszeiten von 9:00 bis 14:00 Uhr an, um den unterschiedlichen <\/p>\n","protected":false},"author":1,"featured_media":0,"parent":0,"menu_order":0,"comment_status":"closed","ping_status":"closed","template":"","meta":{"_acf_changed":false,"footnotes":""},"class_list":["post-3010","page","type-page","status-publish","hentry"],"acf":[],"_links":{"self":[{"href":"https:\/\/risus.dental\/de\/wp-json\/wp\/v2\/pages\/3010","targetHints":{"allow":["GET"]}}],"collection":[{"href":"https:\/\/risus.dental\/de\/wp-json\/wp\/v2\/pages"}],"about":[{"href":"https:\/\/risus.dental\/de\/wp-json\/wp\/v2\/types\/page"}],"author":[{"embeddable":true,"href":"https:\/\/risus.dental\/de\/wp-json\/wp\/v2\/users\/1"}],"replies":[{"embeddable":true,"href":"https:\/\/risus.dental\/de\/wp-json\/wp\/v2\/comments?post=3010"}],"version-history":[{"count":5,"href":"https:\/\/risus.dental\/de\/wp-json\/wp\/v2\/pages\/3010\/revisions"}],"predecessor-version":[{"id":3016,"href":"https:\/\/risus.dental\/de\/wp-json\/wp\/v2\/pages\/3010\/revisions\/3016"}],"wp:attachment":[{"href":"https:\/\/risus.dental\/de\/wp-json\/wp\/v2\/media?parent=3010"}],"curies":[{"name":"wp","href":"https:\/\/api.w.org\/{rel}","templated":true}]}}