{"id":2995,"date":"2024-04-23T06:53:58","date_gmt":"2024-04-23T03:53:58","guid":{"rendered":"https:\/\/risus.dental\/ueber-uns\/"},"modified":"2025-08-22T19:08:33","modified_gmt":"2025-08-22T16:08:33","slug":"ueber-uns","status":"publish","type":"page","link":"https:\/\/risus.dental\/de\/ueber-uns\/","title":{"rendered":"\u00dcber uns"},"content":{"rendered":"\t\t<div data-elementor-type=\"wp-page\" data-elementor-id=\"2995\" class=\"elementor elementor-2995 elementor-633\" data-elementor-post-type=\"page\">\n\t\t\t\t<div class=\"elementor-element elementor-element-8eec396 e-con-full e-flex e-con e-parent\" data-id=\"8eec396\" data-element_type=\"container\">\n\t\t\t\t<div class=\"elementor-element elementor-element-5c85b61 wrap-with-white-color elementor-widget elementor-widget-mavis_about_two\" data-id=\"5c85b61\" data-element_type=\"widget\" data-widget_type=\"mavis_about_two.default\">\n\t\t\t\t<div class=\"elementor-widget-container\">\n\t\t\t\t\t        \r\n        <!-- Start About Area -->\r\n        <div class=\"about-area bg-optional-color3\">\r\n            <div class=\"about-inner ptb-120\">\r\n                <div class=\"container\">\r\n                    <div class=\"row justify-content-center align-items-center\">\r\n                        <div class=\"col-lg-5 col-md-12\">\r\n                            <div class=\"about-wrap-image\">\r\n                                                                                                    <img decoding=\"async\" src=\"https:\/\/risus.dental\/wp-content\/uploads\/2025\/07\/risus-digital-dentistry-about.png\" alt=\"risus-digital-dentistry-about\">\r\n                                \r\n                                    <div class=\"wrap\">\r\n                                                                            <\/div>\r\n                                                            <\/div>\r\n                        <\/div>\r\n                        <div class=\"col-lg-7 col-md-12\">\r\n                            <div class=\"about-content\">\r\n                                                                <p class=\"full-width\"><h1><span class=\"jCAhz ChMk0b\"><span class=\"ryNqvb\">\u00dcber RISUS |<\/span><\/span> <span class=\"jCAhz ChMk0b\"><span class=\"ryNqvb\">Digitale Zahnmedizin<\/span><\/span><\/h1><p>Ihre erste Adresse f\u00fcr au\u00dfergew\u00f6hnliche Zahnpflege in Manavgat, Antalya. Eingebettet in eine der sch\u00f6nsten Regionen der T\u00fcrkei verbindet unsere Klinik fortschrittliche Zahnbehandlungen mit der M\u00f6glichkeit, einen erholsamen und erholsamen Urlaub zu genie\u00dfen.<\/p><\/p>\r\n                                <div class=\"row justify-content-center\">\r\n                                    <div class=\"col-lg-6 col-sm-6\">\r\n                                        <ul class=\"list\">\r\n                                                                                            <li>\r\n                                                    <i class=\"flaticon-correct\"><\/i>\r\n                                                    Zahnimplantate                                                <\/li>\r\n                                                                                            <li>\r\n                                                    <i class=\"flaticon-correct\"><\/i>\r\n                                                    \u00c4sthetische Zahnheilkunde                                                <\/li>\r\n                                                                                            <li>\r\n                                                    <i class=\"flaticon-correct\"><\/i>\r\n                                                    Kieferorthop\u00e4die                                                <\/li>\r\n                                                                                    <\/ul>\r\n                                    <\/div>\r\n                                    <div class=\"col-lg-6 col-sm-6\">\r\n                                        <ul class=\"list\">\r\n                                                                                            <li>\r\n                                                    <i class=\"flaticon-correct\"><\/i>\r\n                                                    Oralchirurgie                                                <\/li>\r\n                                                                                            <li>\r\n                                                    <i class=\"flaticon-correct\"><\/i>\r\n                                                    Parodontologie                                                <\/li>\r\n                                                                                            <li>\r\n                                                    <i class=\"flaticon-correct\"><\/i>\r\n                                                    Sofortimplantate                                                <\/li>\r\n                                                                                    <\/ul>\r\n                                    <\/div>\r\n                                <\/div>\r\n                                <p><p>Bei Risus Digital Dentistry sind wir stolz darauf, sowohl einheimischen als auch internationalen Patienten erstklassige zahn\u00e4rztliche Leistungen anzubieten. Unser Team aus hochqualifizierten und international ausgebildeten Zahn\u00e4rzten bietet Ihnen eine individuelle und umfassende Zahnpflege in einem angenehmen und einladenden Ambiente. Wir nutzen modernste Technologie und halten h\u00f6chste Hygiene- und Sicherheitsstandards ein, um unseren Patienten optimale Behandlungsergebnisse zu bieten.<\/p><\/p>\r\n                                <div class=\"about-btn\">\r\n                                                                    <\/div>\r\n                            <\/div>\r\n                        <\/div>\r\n                    <\/div>\r\n                <\/div>\r\n            <\/div>\r\n        <\/div>\r\n        <!-- End About Area -->\r\n    \t\t\t\t<\/div>\n\t\t\t\t<\/div>\n\t\t\t\t<\/div>\n\t\t<div class=\"elementor-element elementor-element-9ff9d3f e-con-full e-flex e-con e-parent\" data-id=\"9ff9d3f\" data-element_type=\"container\">\n\t\t\t\t<div class=\"elementor-element elementor-element-495c52c elementor-widget elementor-widget-mavis_free_consultation\" data-id=\"495c52c\" data-element_type=\"widget\" data-widget_type=\"mavis_free_consultation.default\">\n\t\t\t\t<div class=\"elementor-widget-container\">\n\t\t\t\t\t        \r\n        <!-- Start Free Consultation Area -->\r\n        <div class=\"free-consultation-area bg-gray-color\">\r\n            <div class=\"free-consultation-inner ptb-120\">\r\n                <div class=\"container\">\r\n                    <div class=\"row justify-content-center align-items-center\" data-cues=\"slideInUp\">\r\n                        <div class=\"col-lg-6 col-md-12\">\r\n                            <div class=\"free-consultation-content\">\r\n                                                                                                    <h3 class=\"mavis-el-title\"> Warum uns w\u00e4hlen?<\/h3>\r\n                                                                <p><li><b>Erschwingliche Exzellenz:<\/b>Erhalten Sie hochwertige Zahnpflege zu einem Bruchteil der Kosten im Vergleich zu vielen westlichen L\u00e4ndern.<\/li>\n<li><b>Expertenteam:<\/b>Profitieren Sie von der Expertise unserer erfahrenen und zertifizierten Zahn\u00e4rzte.<\/li>\nModernste Einrichtung:<\/b>Unsere Klinik ist mit modernster Zahntechnik ausgestattet, um Ihnen die bestm\u00f6gliche Versorgung zu bieten.<\/li>\n<li><b>Individuelle Betreuung:<\/b>Wir passen unsere Behandlungen an Ihre individuellen Bed\u00fcrfnisse und W\u00fcnsche an.<\/li>\n<li><b>Wundersch\u00f6ne Lage:<\/b>Genie\u00dfen Sie die landschaftliche Sch\u00f6nheit und das reiche kulturelle Erbe von Manavgat, Antalya, w\u00e4hrend Sie erstklassige Zahnpflege erhalten.<\/li>\n<li><b>Bequem und komfortabel:<\/b>Von der reibungslosen Terminvereinbarung bis zur komfortablen Genesung sorgen wir daf\u00fcr, dass Ihr Zahntourismus-Erlebnis angenehm und stressfrei ist.<\/li>\n<br \/>\nBei Risus Digital Dentistry setzen wir uns daf\u00fcr ein, Ihr L\u00e4cheln zu verwandeln und Ihre Mundgesundheit zu verbessern. Ein unvergessliches und angenehmes Erlebnis an einem der malerischsten Reiseziele der T\u00fcrkei. Entdecken Sie die perfekte Kombination aus exzellenter Zahnpflege und erholsamem Urlaub im Risus Dental Side in Manavgat, Antalya.\n<br><br>\n<b>Kontaktieren Sie uns noch heute, um mehr \u00fcber unsere Leistungen zu erfahren und wie wir Ihnen zu Ihrem Trauml\u00e4cheln verhelfen k\u00f6nnen!<\/b><\/p>\r\n                                                            <\/div>\r\n                        <\/div>\r\n                        <div class=\"col-lg-6 col-md-12\">\r\n                            <div class=\"free-consultation-image\">\r\n                                                                    <img decoding=\"async\" src=\"https:\/\/risus.dental\/wp-content\/uploads\/2025\/07\/free-consultation.jpg\" alt=\"\">\r\n                                                            <\/div>\r\n                        <\/div>\r\n                    <\/div>\r\n                <\/div>\r\n            <\/div>\r\n        <\/div>\r\n        <!-- End Free Consultation Area -->\r\n    \t\t\t\t<\/div>\n\t\t\t\t<\/div>\n\t\t\t\t<\/div>\n\t\t<div class=\"elementor-element elementor-element-25ee34f e-con-full e-flex e-con e-parent\" data-id=\"25ee34f\" data-element_type=\"container\">\n\t\t\t\t<div class=\"elementor-element elementor-element-4cebe0f elementor-widget elementor-widget-mavis_Doctors_Slider\" data-id=\"4cebe0f\" data-element_type=\"widget\" data-widget_type=\"mavis_Doctors_Slider.default\">\n\t\t\t\t<div class=\"elementor-widget-container\">\n\t\t\t\t\t            <div class=\"doctor-area bg-white-color\">\n                <div class=\"doctor-inner ptb-120\">\n                    <div class=\"container\" data-cues=\"zoomIn\">\n                                                    <div class=\"section-top-title\">\n                                <div class=\"row justify-content-center\">\n                                                                            <div class=\"col-lg-4 col-md-12\">\n                                            <span class=\"sub\">Lernen Sie unsere Zahn\u00e4rzte kennen<\/span>\n                                        <\/div>\n                                    \n                                                                            <div class=\"col-lg-8 col-md-12\">\n                                            <h2 class=\"mavis-el-title\">Die erfahrenen Profis<\/h2>\n                                        <\/div>\n                                                                    <\/div>\n                            <\/div>\n                        \n                        <div class=\"swiper doctor-wrap-slider\">\n                            <div class=\"swiper-wrapper\">\n                                                                    <div class=\"swiper-slide\">\n                                        <div class=\"doctor-card\">\n                                            <div class=\"doctor-image\">\n                                                <a href=\"https:\/\/risus.dental\/de\/doctor\/dmd-eren-besli\/\">\n                                                    <img fetchpriority=\"high\" decoding=\"async\" width=\"620\" height=\"700\" src=\"https:\/\/risus.dental\/wp-content\/uploads\/2025\/07\/dmd-eren-besli.png\" class=\"attachment-post-thumbnail size-post-thumbnail wp-post-image\" alt=\"\" srcset=\"https:\/\/risus.dental\/wp-content\/uploads\/2025\/07\/dmd-eren-besli.png 620w, https:\/\/risus.dental\/wp-content\/uploads\/2025\/07\/dmd-eren-besli-266x300.png 266w\" sizes=\"(max-width: 620px) 100vw, 620px\" \/>                                                <\/a>\n                                                                                            <\/div>\n                                            <div class=\"doctor-content\">\n                                                <h3>\n                                                    <a href=\"https:\/\/risus.dental\/de\/doctor\/dmd-eren-besli\/\">DMD Eren Besli<\/a>\n                                                <\/h3>\n                                                <span>Periodontist<\/span>\n                                            <\/div>\n                                        <\/div>\n                                    <\/div>\n                                                                    <div class=\"swiper-slide\">\n                                        <div class=\"doctor-card\">\n                                            <div class=\"doctor-image\">\n                                                <a href=\"https:\/\/risus.dental\/de\/doctor\/dmd-huessam-arslan\/\">\n                                                    <img decoding=\"async\" width=\"620\" height=\"700\" src=\"https:\/\/risus.dental\/wp-content\/uploads\/2025\/07\/dmd-hussam-arslan.png\" class=\"attachment-post-thumbnail size-post-thumbnail wp-post-image\" alt=\"\" srcset=\"https:\/\/risus.dental\/wp-content\/uploads\/2025\/07\/dmd-hussam-arslan.png 620w, https:\/\/risus.dental\/wp-content\/uploads\/2025\/07\/dmd-hussam-arslan-266x300.png 266w\" sizes=\"(max-width: 620px) 100vw, 620px\" \/>                                                <\/a>\n                                                                                            <\/div>\n                                            <div class=\"doctor-content\">\n                                                <h3>\n                                                    <a href=\"https:\/\/risus.dental\/de\/doctor\/dmd-huessam-arslan\/\">DMD H\u00fcssam Arslan<\/a>\n                                                <\/h3>\n                                                <span>Periodontist<\/span>\n                                            <\/div>\n                                        <\/div>\n                                    <\/div>\n                                                                    <div class=\"swiper-slide\">\n                                        <div class=\"doctor-card\">\n                                            <div class=\"doctor-image\">\n                                                <a href=\"https:\/\/risus.dental\/de\/doctor\/dmd-buesra-gizem-erkay\/\">\n                                                    <img decoding=\"async\" width=\"620\" height=\"700\" src=\"https:\/\/risus.dental\/wp-content\/uploads\/2025\/07\/dmd-busra-erkay.png\" class=\"attachment-post-thumbnail size-post-thumbnail wp-post-image\" alt=\"\" srcset=\"https:\/\/risus.dental\/wp-content\/uploads\/2025\/07\/dmd-busra-erkay.png 620w, https:\/\/risus.dental\/wp-content\/uploads\/2025\/07\/dmd-busra-erkay-266x300.png 266w\" sizes=\"(max-width: 620px) 100vw, 620px\" \/>                                                <\/a>\n                                                                                            <\/div>\n                                            <div class=\"doctor-content\">\n                                                <h3>\n                                                    <a href=\"https:\/\/risus.dental\/de\/doctor\/dmd-buesra-gizem-erkay\/\">DMD B\u00fc\u015fra Gizem Erkay<\/a>\n                                                <\/h3>\n                                                <span>Periodontist<\/span>\n                                            <\/div>\n                                        <\/div>\n                                    <\/div>\n                                                                                            <\/div>\n                            <div class=\"doctor-pagination-and-button\">\n                                <div class=\"doctor-pagination\"><\/div>\n                                <ul class=\"doctor-button-list\">\n                                    <li>\n                                        <div class=\"doctor-button-prev\">\n                                            <i class=\"ri-arrow-left-line\"><\/i>\n                                        <\/div>\n                                    <\/li>\n                                    <li>\n                                        <div class=\"doctor-button-next\">\n                                            <i class=\"ri-arrow-right-line\"><\/i>\n                                        <\/div>\n                                    <\/li>\n                                <\/ul>\n                            <\/div>\n                        <\/div>\n                    <\/div>\n                <\/div>\n            <\/div>\n        \t\t\t\t<\/div>\n\t\t\t\t<\/div>\n\t\t\t\t<\/div>\n\t\t\t\t<\/div>\n\t\t","protected":false},"excerpt":{"rendered":"<p>\u00dcber RISUS | Digitale Zahnmedizin Ihre erste Adresse f\u00fcr au\u00dfergew\u00f6hnliche Zahnpflege in Manavgat, Antalya. Eingebettet in eine der sch\u00f6nsten Regionen der T\u00fcrkei verbindet unsere Klinik fortschrittliche Zahnbehandlungen mit der M\u00f6glichkeit, einen erholsamen und erholsamen Urlaub zu genie\u00dfen. Zahnimplantate \u00c4sthetische Zahnheilkunde Kieferorthop\u00e4die Oralchirurgie Parodontologie Sofortimplantate Bei Risus Digital Dentistry sind wir stolz darauf, sowohl einheimischen als <\/p>\n","protected":false},"author":1,"featured_media":0,"parent":0,"menu_order":0,"comment_status":"closed","ping_status":"closed","template":"","meta":{"_acf_changed":false,"footnotes":""},"class_list":["post-2995","page","type-page","status-publish","hentry"],"acf":[],"_links":{"self":[{"href":"https:\/\/risus.dental\/de\/wp-json\/wp\/v2\/pages\/2995","targetHints":{"allow":["GET"]}}],"collection":[{"href":"https:\/\/risus.dental\/de\/wp-json\/wp\/v2\/pages"}],"about":[{"href":"https:\/\/risus.dental\/de\/wp-json\/wp\/v2\/types\/page"}],"author":[{"embeddable":true,"href":"https:\/\/risus.dental\/de\/wp-json\/wp\/v2\/users\/1"}],"replies":[{"embeddable":true,"href":"https:\/\/risus.dental\/de\/wp-json\/wp\/v2\/comments?post=2995"}],"version-history":[{"count":5,"href":"https:\/\/risus.dental\/de\/wp-json\/wp\/v2\/pages\/2995\/revisions"}],"predecessor-version":[{"id":3000,"href":"https:\/\/risus.dental\/de\/wp-json\/wp\/v2\/pages\/2995\/revisions\/3000"}],"wp:attachment":[{"href":"https:\/\/risus.dental\/de\/wp-json\/wp\/v2\/media?parent=2995"}],"curies":[{"name":"wp","href":"https:\/\/api.w.org\/{rel}","templated":true}]}}